{"id":238,"date":"2015-05-11T04:40:02","date_gmt":"2015-05-11T04:40:02","guid":{"rendered":"http:\/\/moon.pinsupreme.com\/?page_id=238"},"modified":"2019-04-25T08:47:15","modified_gmt":"2019-04-25T08:47:15","slug":"kategoriak","status":"publish","type":"page","link":"https:\/\/literatinagyferenc.hu\/index.php\/kategoriak\/","title":{"rendered":"Kateg\u00f3ri\u00e1k"},"content":{"rendered":"<p>Fot\u00f3im kateg\u00f3ri\u00e1kra bontva<\/p>\n","protected":false},"excerpt":{"rendered":"<p>Fot\u00f3im kateg\u00f3ri\u00e1kra bontva<\/p>\n","protected":false},"author":1,"featured_media":0,"parent":0,"menu_order":0,"comment_status":"open","ping_status":"open","template":"page-list-categories.php","meta":{"inline_featured_image":false},"_links":{"self":[{"href":"https:\/\/literatinagyferenc.hu\/index.php\/wp-json\/wp\/v2\/pages\/238"}],"collection":[{"href":"https:\/\/literatinagyferenc.hu\/index.php\/wp-json\/wp\/v2\/pages"}],"about":[{"href":"https:\/\/literatinagyferenc.hu\/index.php\/wp-json\/wp\/v2\/types\/page"}],"author":[{"embeddable":true,"href":"https:\/\/literatinagyferenc.hu\/index.php\/wp-json\/wp\/v2\/users\/1"}],"replies":[{"embeddable":true,"href":"https:\/\/literatinagyferenc.hu\/index.php\/wp-json\/wp\/v2\/comments?post=238"}],"version-history":[{"count":20,"href":"https:\/\/literatinagyferenc.hu\/index.php\/wp-json\/wp\/v2\/pages\/238\/revisions"}],"predecessor-version":[{"id":11822,"href":"https:\/\/literatinagyferenc.hu\/index.php\/wp-json\/wp\/v2\/pages\/238\/revisions\/11822"}],"wp:attachment":[{"href":"https:\/\/literatinagyferenc.hu\/index.php\/wp-json\/wp\/v2\/media?parent=238"}],"curies":[{"name":"wp","href":"https:\/\/api.w.org\/{rel}","templated":true}]}}