{"id":196,"date":"2015-05-10T10:35:01","date_gmt":"2015-05-10T10:35:01","guid":{"rendered":"http:\/\/moon.pinsupreme.com\/?page_id=196"},"modified":"2023-05-12T06:32:20","modified_gmt":"2023-05-12T06:32:20","slug":"carl-zeiss-2","status":"publish","type":"page","link":"https:\/\/literatinagyferenc.hu\/","title":{"rendered":"Kezd\u0151lap"},"content":{"rendered":"<p>Sz\u00edvesen fot\u00f3zom szerte a vil\u00e1gban. \u00c9lm\u00e9ny sz\u00e1momra egy k\u00e9p megalkot\u00e1sa. M\u00e9g nagyobb az \u00f6r\u00f6m\u00f6m, ha \u00e1tadhatom ezt az \u00e9rz\u00e9st. K\u00e9rem tekintse meg gal\u00e9ri\u00e1mat.<br \/>\n<em>A weboldal jelenleg fejleszt\u00e9s alatt \u00e1ll&#8230;<\/em><\/p>\n","protected":false},"excerpt":{"rendered":"<p>Sz\u00edvesen fot\u00f3zom szerte a vil\u00e1gban. \u00c9lm\u00e9ny sz\u00e1momra egy k\u00e9p megalkot\u00e1sa. M\u00e9g nagyobb az \u00f6r\u00f6m\u00f6m, ha \u00e1tadhatom ezt az \u00e9rz\u00e9st. K\u00e9rem tekintse meg gal\u00e9ri\u00e1mat. A weboldal jelenleg fejleszt\u00e9s alatt \u00e1ll&#8230;<\/p>\n","protected":false},"author":1,"featured_media":0,"parent":0,"menu_order":0,"comment_status":"open","ping_status":"open","template":"page-full-height.php","meta":{"inline_featured_image":false},"_links":{"self":[{"href":"https:\/\/literatinagyferenc.hu\/index.php\/wp-json\/wp\/v2\/pages\/196"}],"collection":[{"href":"https:\/\/literatinagyferenc.hu\/index.php\/wp-json\/wp\/v2\/pages"}],"about":[{"href":"https:\/\/literatinagyferenc.hu\/index.php\/wp-json\/wp\/v2\/types\/page"}],"author":[{"embeddable":true,"href":"https:\/\/literatinagyferenc.hu\/index.php\/wp-json\/wp\/v2\/users\/1"}],"replies":[{"embeddable":true,"href":"https:\/\/literatinagyferenc.hu\/index.php\/wp-json\/wp\/v2\/comments?post=196"}],"version-history":[{"count":26,"href":"https:\/\/literatinagyferenc.hu\/index.php\/wp-json\/wp\/v2\/pages\/196\/revisions"}],"predecessor-version":[{"id":11819,"href":"https:\/\/literatinagyferenc.hu\/index.php\/wp-json\/wp\/v2\/pages\/196\/revisions\/11819"}],"wp:attachment":[{"href":"https:\/\/literatinagyferenc.hu\/index.php\/wp-json\/wp\/v2\/media?parent=196"}],"curies":[{"name":"wp","href":"https:\/\/api.w.org\/{rel}","templated":true}]}}